{"id":215,"date":"2014-09-12T15:24:23","date_gmt":"2014-09-12T13:24:23","guid":{"rendered":"http:\/\/www.pixelpentagon.com\/?page_id=215"},"modified":"2015-02-13T22:33:56","modified_gmt":"2015-02-13T20:33:56","slug":"hosting-2","status":"publish","type":"page","link":"https:\/\/www.pixelpentagon.com\/?page_id=215","title":{"rendered":"Hosting"},"content":{"rendered":"<p>[et_pb_section][et_pb_row][et_pb_column type=&#8220;4_4&#8243;][et_pb_image admin_label=&#8220;Image&#8220; src=&#8220;http:\/\/www.pixelpentagon.com\/wp-content\/uploads\/2014\/09\/Fotolia_52964832_M.jpg&#8220; show_in_lightbox=&#8220;off&#8220; url_new_window=&#8220;off&#8220; animation=&#8220;bottom&#8220; sticky=&#8220;off&#8220; \/][\/et_pb_column][\/et_pb_row][et_pb_row][et_pb_column type=&#8220;4_4&#8243;][et_pb_text admin_label=&#8220;Text&#8220; background_layout=&#8220;light&#8220; text_orientation=&#8220;left&#8220;]<\/p>\n<h3>Hosting vom Cloud Gespr\u00e4ch \u00fcber Umzug bis zur Datensicherheit.<\/h3>\n<h3 class=\"center\">Pixelpentagon\u00a0bietet jetzt noch mehr Webspace f\u00fcr Ihre Internetprojekte<\/h3>\n<p>Alle reden \u00fcber die Cloud, doch nicht jeder ist interessiert seine Daten &#8222;irgendwohin&#8220; zu stellen. Schon gar nicht die Sensiblen. Runtergebrochen ist die &#8222;Cloud&#8220; nichts anderes als ein einfaches Rechenzentrum. Sie als Kunde entscheiden WO es steht und welchen Sicherheitslevel nach welchen Standards- und Kriterien Ihre Daten gelagert und gesichert werden. Sie suchen eine professionelle Webhosting L\u00f6sung, die Ihnen maximale Flexibilit\u00e4t und reichlich Webspace f\u00fcr Ihren Internetprojekte bietet? Unsere WebHosting-Pakete sind die perfekte und konkurrenzlos g\u00fcnstige Wahl f\u00fcr Ihre gesch\u00e4ftlichen oder privaten Internetprojekte unabh\u00e4ngig von der Besucherfrequenz.<\/p>\n<p>Sie bekommen einfach alles, was Sie zum Betrieb Ihrer Website, Ihres Blogs, Forums, oder eCommerce Shops und vieler weiterer Anwendungen ben\u00f6tigen. Inklusive einer Vielzahl professioneller Features wie SSH, Profi-Skripte und kostenlose Web-Applikationen. Und wenn Ihr Business w\u00e4chst, sichern Sie sich einfach ein gr\u00f6\u00dferes Paket &#8211; Ihre Daten ziehen automatisch mit um.<\/p>\n<p>IT-Beratung: Pixelpentagon bietet Ihnen Service &amp; Support f\u00fcr all Ihre technischen Fragen im Bereich Server, Hosting und Domainregistrierung. Wir finden f\u00fcr Sie individuelle IT-L\u00f6sungen und stellen Ihnen die technische Infrastruktur bereit, die Sie f\u00fcr reibungslose Arbeitsprozesse ben\u00f6tigen.<\/p>\n<p>Server-Hosting: \u00a0Ob Sie einen eigenen Server m\u00f6chten oder einen Mietserver, wir haben die richtige Technologie f\u00fcr einen Performance starken Server. Zudem bieten wir Managed Server, Mailserver, Server-Housing und eCommerce-Server an.<\/p>\n<p>Web-Hosting: Auf Windows oder Linux basierend, f\u00fcr eCommerce Anwendungen wie xt:Commerce, joomla!, Magento Shop, WordPress und f\u00fcr Content Management Systeme wie Typo3<\/p>\n<p>Domain-Hosting: Pixelpentagon registriert und verwaltet f\u00fcr Sie Domains, national und international. Wir k\u00fcmmern uns ebenfalls um Domain-Umz\u00fcge und empfehlen Ihnen Domain-Pakete zu g\u00fcnstigen Konditionen.<\/p>\n<p>[\/et_pb_text][\/et_pb_column][\/et_pb_row][\/et_pb_section]<\/p>\n","protected":false},"excerpt":{"rendered":"<p><div class=\"et_pb_section et_pb_section_0 et_section_regular\" >\n\t\t\t\t\n\t\t\t\t\n\t\t\t\t\n\t\t\t\t\n\t\t\t\t\n\t\t\t\t\n\t\t\t\t\n\t\t\t\t\n\t\t\t\t\n\t\t\t<\/div><div class=\"et_pb_row et_pb_row_0 et_pb_row_empty\">\n\t\t\t\t\n\t\t\t\t\n\t\t\t\t\n\t\t\t\t\n\t\t\t\t\n\t\t\t<\/div><div class=\"et_pb_row et_pb_row_1 et_pb_row_empty\">\n\t\t\t\t\n\t\t\t\t\n\t\t\t\t\n\t\t\t\t\n\t\t\t\t\n\t\t\t<\/div> Hosting vom Cloud Gespr\u00e4ch \u00fcber Umzug bis zur Datensicherheit. Pixelpentagon\u00a0bietet jetzt noch mehr Webspace f\u00fcr Ihre Internetprojekte Alle reden \u00fcber die Cloud, doch nicht jeder ist interessiert seine Daten &#8222;irgendwohin&#8220; zu stellen. Schon gar nicht die Sensiblen. Runtergebrochen ist die &#8222;Cloud&#8220; nichts anderes als ein einfaches Rechenzentrum. Sie als Kunde entscheiden WO es steht [&hellip;]<\/p>\n","protected":false},"author":1,"featured_media":0,"parent":0,"menu_order":0,"comment_status":"open","ping_status":"open","template":"","meta":{"_et_pb_use_builder":"on","_et_pb_old_content":"<p>Page Hosting<\/p>","_et_gb_content_width":"","footnotes":""},"class_list":["post-215","page","type-page","status-publish","hentry"],"_links":{"self":[{"href":"https:\/\/www.pixelpentagon.com\/index.php?rest_route=\/wp\/v2\/pages\/215","targetHints":{"allow":["GET"]}}],"collection":[{"href":"https:\/\/www.pixelpentagon.com\/index.php?rest_route=\/wp\/v2\/pages"}],"about":[{"href":"https:\/\/www.pixelpentagon.com\/index.php?rest_route=\/wp\/v2\/types\/page"}],"author":[{"embeddable":true,"href":"https:\/\/www.pixelpentagon.com\/index.php?rest_route=\/wp\/v2\/users\/1"}],"replies":[{"embeddable":true,"href":"https:\/\/www.pixelpentagon.com\/index.php?rest_route=%2Fwp%2Fv2%2Fcomments&post=215"}],"version-history":[{"count":29,"href":"https:\/\/www.pixelpentagon.com\/index.php?rest_route=\/wp\/v2\/pages\/215\/revisions"}],"predecessor-version":[{"id":732,"href":"https:\/\/www.pixelpentagon.com\/index.php?rest_route=\/wp\/v2\/pages\/215\/revisions\/732"}],"wp:attachment":[{"href":"https:\/\/www.pixelpentagon.com\/index.php?rest_route=%2Fwp%2Fv2%2Fmedia&parent=215"}],"curies":[{"name":"wp","href":"https:\/\/api.w.org\/{rel}","templated":true}]}}