{"id":60,"date":"2014-09-01T19:51:14","date_gmt":"2014-09-01T17:51:14","guid":{"rendered":"http:\/\/www.pixelpentagon.com\/?page_id=60"},"modified":"2024-11-29T11:26:40","modified_gmt":"2024-11-29T09:26:40","slug":"start","status":"publish","type":"page","link":"https:\/\/www.pixelpentagon.com\/","title":{"rendered":"Start"},"content":{"rendered":"<p>[et_pb_section fb_built=&#8220;1&#8243; fullwidth=&#8220;on&#8220; _builder_version=&#8220;4.16&#8243; hover_enabled=&#8220;0&#8243; global_colors_info=&#8220;{}&#8220; sticky_enabled=&#8220;0&#8243;][et_pb_fullwidth_slider admin_label=&#8220;Fullwidth Slider&#8220; _builder_version=&#8220;4.27.4&#8243; custom_padding=&#8220;|||&#8220; custom_padding_tablet=&#8220;|||&#8220; custom_padding_phone=&#8220;|||&#8220; auto=&#8220;on&#8220; auto_speed=&#8220;5000&#8243; hover_enabled=&#8220;0&#8243; box_shadow_style=&#8220;preset6&#8243; box_shadow_blur=&#8220;10px&#8220; box_shadow_color=&#8220;rgba(0,0,0,0.1)&#8220; show_inner_shadow=&#8220;on&#8220; global_colors_info=&#8220;{}&#8220; button_text_size__hover_enabled=&#8220;off&#8220; button_one_text_size__hover_enabled=&#8220;off&#8220; button_two_text_size__hover_enabled=&#8220;off&#8220; button_text_color__hover_enabled=&#8220;off&#8220; button_one_text_color__hover_enabled=&#8220;off&#8220; button_two_text_color__hover_enabled=&#8220;off&#8220; button_border_width__hover_enabled=&#8220;off&#8220; button_one_border_width__hover_enabled=&#8220;off&#8220; button_two_border_width__hover_enabled=&#8220;off&#8220; button_border_color__hover_enabled=&#8220;off&#8220; button_one_border_color__hover_enabled=&#8220;off&#8220; button_two_border_color__hover_enabled=&#8220;off&#8220; button_border_radius__hover_enabled=&#8220;off&#8220; button_one_border_radius__hover_enabled=&#8220;off&#8220; button_two_border_radius__hover_enabled=&#8220;off&#8220; button_letter_spacing__hover_enabled=&#8220;off&#8220; button_one_letter_spacing__hover_enabled=&#8220;off&#8220; button_two_letter_spacing__hover_enabled=&#8220;off&#8220; button_bg_color__hover_enabled=&#8220;off&#8220; button_one_bg_color__hover_enabled=&#8220;off&#8220; button_two_bg_color__hover_enabled=&#8220;off&#8220; sticky_enabled=&#8220;0&#8243;][et_pb_slide heading=&#8220;Die richtigen IT Entscheidungen kommen von ganz oben&#8220; _builder_version=&#8220;4.16&#8243; background_color=&#8220;#ffffff&#8220; background_image=&#8220;https:\/\/www.pixelpentagon.com\/wp-content\/uploads\/2014\/08\/bgfoto1.jpg&#8220; background_layout=&#8220;light&#8220; hover_enabled=&#8220;0&#8243; global_colors_info=&#8220;{}&#8220; button_text_size__hover_enabled=&#8220;off&#8220; button_one_text_size__hover_enabled=&#8220;off&#8220; button_two_text_size__hover_enabled=&#8220;off&#8220; button_text_color__hover_enabled=&#8220;off&#8220; button_one_text_color__hover_enabled=&#8220;off&#8220; button_two_text_color__hover_enabled=&#8220;off&#8220; button_border_width__hover_enabled=&#8220;off&#8220; button_one_border_width__hover_enabled=&#8220;off&#8220; button_two_border_width__hover_enabled=&#8220;off&#8220; button_border_color__hover_enabled=&#8220;off&#8220; button_one_border_color__hover_enabled=&#8220;off&#8220; button_two_border_color__hover_enabled=&#8220;off&#8220; button_border_radius__hover_enabled=&#8220;off&#8220; button_one_border_radius__hover_enabled=&#8220;off&#8220; button_two_border_radius__hover_enabled=&#8220;off&#8220; button_letter_spacing__hover_enabled=&#8220;off&#8220; button_one_letter_spacing__hover_enabled=&#8220;off&#8220; button_two_letter_spacing__hover_enabled=&#8220;off&#8220; button_bg_color__hover_enabled=&#8220;off&#8220; button_one_bg_color__hover_enabled=&#8220;off&#8220; button_two_bg_color__hover_enabled=&#8220;off&#8220; sticky_transition=&#8220;on&#8220; sticky_enabled=&#8220;0&#8243;][\/et_pb_slide][et_pb_slide heading=&#8220;Nichts ist zerbrechlicher &#8230;&#8220; _builder_version=&#8220;4.16&#8243; background_color=&#8220;#ffffff&#8220; background_image=&#8220;https:\/\/www.pixelpentagon.com\/wp-content\/uploads\/2014\/09\/redshield.jpg&#8220; background_layout=&#8220;light&#8220; global_colors_info=&#8220;{}&#8220; button_text_size__hover_enabled=&#8220;off&#8220; button_one_text_size__hover_enabled=&#8220;off&#8220; button_two_text_size__hover_enabled=&#8220;off&#8220; button_text_color__hover_enabled=&#8220;off&#8220; button_one_text_color__hover_enabled=&#8220;off&#8220; button_two_text_color__hover_enabled=&#8220;off&#8220; button_border_width__hover_enabled=&#8220;off&#8220; button_one_border_width__hover_enabled=&#8220;off&#8220; button_two_border_width__hover_enabled=&#8220;off&#8220; button_border_color__hover_enabled=&#8220;off&#8220; button_one_border_color__hover_enabled=&#8220;off&#8220; button_two_border_color__hover_enabled=&#8220;off&#8220; button_border_radius__hover_enabled=&#8220;off&#8220; button_one_border_radius__hover_enabled=&#8220;off&#8220; button_two_border_radius__hover_enabled=&#8220;off&#8220; button_letter_spacing__hover_enabled=&#8220;off&#8220; button_one_letter_spacing__hover_enabled=&#8220;off&#8220; button_two_letter_spacing__hover_enabled=&#8220;off&#8220; button_bg_color__hover_enabled=&#8220;off&#8220; button_one_bg_color__hover_enabled=&#8220;off&#8220; button_two_bg_color__hover_enabled=&#8220;off&#8220; sticky_transition=&#8220;on&#8220;]&#8230;\u00a0als Ihr guter Ruf durch Datenverlust oder Mi\u00dfbrauch<br \/>\n[\/et_pb_slide][et_pb_slide heading=&#8220;Wir planen Ihre IT &#8211; Sie Ihr Kerngesch\u00e4ft&#8220; _builder_version=&#8220;4.16&#8243; background_color=&#8220;#ffffff&#8220; background_image=&#8220;https:\/\/www.pixelpentagon.com\/wp-content\/uploads\/2014\/09\/city_baustellenlady1600.jpg&#8220; background_layout=&#8220;light&#8220; global_colors_info=&#8220;{}&#8220; button_text_size__hover_enabled=&#8220;off&#8220; button_one_text_size__hover_enabled=&#8220;off&#8220; button_two_text_size__hover_enabled=&#8220;off&#8220; button_text_color__hover_enabled=&#8220;off&#8220; button_one_text_color__hover_enabled=&#8220;off&#8220; button_two_text_color__hover_enabled=&#8220;off&#8220; button_border_width__hover_enabled=&#8220;off&#8220; button_one_border_width__hover_enabled=&#8220;off&#8220; button_two_border_width__hover_enabled=&#8220;off&#8220; button_border_color__hover_enabled=&#8220;off&#8220; button_one_border_color__hover_enabled=&#8220;off&#8220; button_two_border_color__hover_enabled=&#8220;off&#8220; button_border_radius__hover_enabled=&#8220;off&#8220; button_one_border_radius__hover_enabled=&#8220;off&#8220; button_two_border_radius__hover_enabled=&#8220;off&#8220; button_letter_spacing__hover_enabled=&#8220;off&#8220; button_one_letter_spacing__hover_enabled=&#8220;off&#8220; button_two_letter_spacing__hover_enabled=&#8220;off&#8220; button_bg_color__hover_enabled=&#8220;off&#8220; button_one_bg_color__hover_enabled=&#8220;off&#8220; button_two_bg_color__hover_enabled=&#8220;off&#8220; sticky_transition=&#8220;on&#8220;][\/et_pb_slide][\/et_pb_fullwidth_slider][\/et_pb_section][et_pb_section fb_built=&#8220;1&#8243; _builder_version=&#8220;4.16&#8243; background_color=&#8220;#ffffff&#8220; global_colors_info=&#8220;{}&#8220;][et_pb_row _builder_version=&#8220;4.16&#8243; background_size=&#8220;initial&#8220; background_position=&#8220;top_left&#8220; background_repeat=&#8220;repeat&#8220; global_colors_info=&#8220;{}&#8220;][et_pb_column type=&#8220;4_4&#8243; _builder_version=&#8220;4.16&#8243; custom_padding=&#8220;|||&#8220; global_colors_info=&#8220;{}&#8220; custom_padding__hover=&#8220;|||&#8220;][et_pb_text _builder_version=&#8220;4.25.1&#8243; background_size=&#8220;initial&#8220; background_position=&#8220;top_left&#8220; background_repeat=&#8220;repeat&#8220; global_colors_info=&#8220;{}&#8220;]<\/p>\n<h3>Seit nun \u00fcber 6 Jahren, genauer seit 25. Mai 2018 ist bereits die neue EU-Datenschutzverordnung in Kraft. Ist Ihr Unternehmen zwischenzeitlich DS-GVO konform?<\/h3>\n<p>&nbsp;<\/p>\n<p>Die DSGVO erweitert f\u00fcr Unternehmen die bereits bekannten Pflichten und erh\u00f6ht die rechtlichen, betrieblichen und technisch-organisatorischen Anforderungen an den Datenschutz.<\/p>\n<p>Neu sind insbesondere die <strong>umfassenden Informationspflichten<\/strong> und die Pflicht zur <strong>Datenschutz-Folgenabsch\u00e4tzung<\/strong> bei besonderen Risiken f\u00fcr die erhobenen Daten. Au\u00dferdem wird neu eingef\u00fchrt, dass auch der <strong>Auftragsverarbeiter<\/strong> ein \u201e<strong>Verzeichnis der Verarbeitungst\u00e4tigkeiten<\/strong>\u201c f\u00fchren muss. Das deutsche Umsetzungsgesetz erweitert au\u00dferdem die Gr\u00fcnde f\u00fcr die Benennung eines <strong>Datenschutzbeauftragten<\/strong>. Schlie\u00dflich m\u00fcssen Unternehmen auch erweiterten Anspr\u00fcchen von Betroffenen gerecht werden.<\/p>\n<p>Vor diesem Kontext wird deutlich, dass die rechtskonforme Umsetzung der DSGVO eine intensive Pr\u00fcfung und einen\u00a0gewissen Aufwand erfordert. Dabei ist die Umsetzungsfrist bis 25. Mai 2018 relativ gering, w\u00e4hrend die Risiken einer mangelhaften Umsetzung aufgrund der Anhebung der Bu\u00dfgelder mit bis zu <strong>4% des Jahresumsatzes oder 20 Mio. \u20ac<\/strong> &#8211; je nachdem welcher Betrag h\u00f6her ist &#8211; sehr hoch ausfallen k\u00f6nnen.<\/p>\n<p>Der\u00a0<strong>externer Datenschutzbeauftragte<\/strong>\u00a0umfasst gem\u00e4\u00df nach Art. 39 DSGVO folgende Aufgaben:<\/p>\n<ul>\n<li>Unterrichtung und Beratung des Verantwortlichen bzw. Auftragsverarbeiters, sowie deren Mitarbeiter\/Besch\u00e4ftigten<\/li>\n<li>\u00dcberwachung der Einhaltung der rechtlichen Regelungen sowie der Strategien des Verantwortlichen bzw. des Auftragsverarbeiters, einschlie\u00dflich der Zuweisung von Zust\u00e4ndigkeiten, die Sensibilisierung und Schulung der mit personenbezogenen Daten (pbD) arbeitenden Mitarbeiter<\/li>\n<li>Beratung \u2013 auf Anfrage \u2013 im Zusammenhang mit der Datenschutz-Folgenabsch\u00e4tzung (DSFA) und regelm\u00e4\u00dfige \u00dcberwachung gem\u00e4\u00df Art. <a href=\"http:\/\/dejure.org\/gesetze\/DSGVO\/35.html\">35<\/a>\u00a0der DSGVO<\/li>\n<li>Zusammenarbeit mit der f\u00fcr Sie zust\u00e4ndigen Aufsichtsbeh\u00f6rde<\/li>\n<li>T\u00e4tigkeit als Anlaufstelle der zust\u00e4ndigen Aufsichtsbeh\u00f6rde<\/li>\n<\/ul>\n<p>[\/et_pb_text][et_pb_cta button_url=&#8220;https:\/\/www.pixelpentagon.com\/?page_id=207&#8243; button_text=&#8220;mehr zum eDSB der DS-GVO&#8220; _builder_version=&#8220;4.16&#8243; header_level=&#8220;h4&#8243; header_font=&#8220;Ubuntu||||||||&#8220; header_text_color=&#8220;#b2b2b2&#8243; header_font_size=&#8220;14&#8243; body_font=&#8220;Ubuntu|300|||||||&#8220; body_font_size=&#8220;12&#8243; use_background_color=&#8220;off&#8220; background_layout=&#8220;light&#8220; max_width=&#8220;41%&#8220; border_color_all=&#8220;#c6c6c6&#8243; global_colors_info=&#8220;{}&#8220; button_text_size__hover_enabled=&#8220;off&#8220; button_one_text_size__hover_enabled=&#8220;off&#8220; button_two_text_size__hover_enabled=&#8220;off&#8220; button_text_color__hover_enabled=&#8220;off&#8220; button_one_text_color__hover_enabled=&#8220;off&#8220; button_two_text_color__hover_enabled=&#8220;off&#8220; button_border_width__hover_enabled=&#8220;off&#8220; button_one_border_width__hover_enabled=&#8220;off&#8220; button_two_border_width__hover_enabled=&#8220;off&#8220; button_border_color__hover_enabled=&#8220;off&#8220; button_one_border_color__hover_enabled=&#8220;off&#8220; button_two_border_color__hover_enabled=&#8220;off&#8220; button_border_radius__hover_enabled=&#8220;off&#8220; button_one_border_radius__hover_enabled=&#8220;off&#8220; button_two_border_radius__hover_enabled=&#8220;off&#8220; button_letter_spacing__hover_enabled=&#8220;off&#8220; button_one_letter_spacing__hover_enabled=&#8220;off&#8220; button_two_letter_spacing__hover_enabled=&#8220;off&#8220; button_bg_color__hover_enabled=&#8220;off&#8220; button_one_bg_color__hover_enabled=&#8220;off&#8220; button_two_bg_color__hover_enabled=&#8220;off&#8220;][\/et_pb_cta][\/et_pb_column][\/et_pb_row][et_pb_row _builder_version=&#8220;4.16&#8243; background_size=&#8220;initial&#8220; background_position=&#8220;top_left&#8220; background_repeat=&#8220;repeat&#8220; global_colors_info=&#8220;{}&#8220;][et_pb_column type=&#8220;4_4&#8243; _builder_version=&#8220;4.16&#8243; custom_padding=&#8220;|||&#8220; global_colors_info=&#8220;{}&#8220; custom_padding__hover=&#8220;|||&#8220;][et_pb_text _builder_version=&#8220;4.16&#8243; background_size=&#8220;initial&#8220; background_position=&#8220;top_left&#8220; background_repeat=&#8220;repeat&#8220; global_colors_info=&#8220;{}&#8220;]<\/p>\n<h3>Kundenmeinungen<\/h3>\n<p>[\/et_pb_text][\/et_pb_column][\/et_pb_row][et_pb_row column_structure=&#8220;1_3,1_3,1_3&#8243; _builder_version=&#8220;4.16&#8243; background_size=&#8220;initial&#8220; background_position=&#8220;top_left&#8220; background_repeat=&#8220;repeat&#8220; global_colors_info=&#8220;{}&#8220;][et_pb_column type=&#8220;1_3&#8243; _builder_version=&#8220;4.16&#8243; custom_padding=&#8220;|||&#8220; global_colors_info=&#8220;{}&#8220; custom_padding__hover=&#8220;|||&#8220;][et_pb_testimonial author=&#8220;Karsten Maurer&#8220; job_title=&#8220;Marketing Leiter&#8220; _builder_version=&#8220;4.16&#8243; background_size=&#8220;initial&#8220; background_position=&#8220;top_left&#8220; background_repeat=&#8220;repeat&#8220; border_radii_portrait=&#8220;on||||&#8220; global_colors_info=&#8220;{}&#8220;]<\/p>\n<h3>Die Kombination von technischen Skills und Kreativit\u00e4t ist bei Pixelpentagon unschlagbar<\/h3>\n<p>[\/et_pb_testimonial][\/et_pb_column][et_pb_column type=&#8220;1_3&#8243; _builder_version=&#8220;4.16&#8243; custom_padding=&#8220;|||&#8220; global_colors_info=&#8220;{}&#8220; custom_padding__hover=&#8220;|||&#8220;][et_pb_testimonial author=&#8220;Reinhold Zweig&#8220; job_title=&#8220;Gesch\u00e4ftsf\u00fchrer&#8220; _builder_version=&#8220;4.16&#8243; background_size=&#8220;initial&#8220; background_position=&#8220;top_left&#8220; background_repeat=&#8220;repeat&#8220; border_radii_portrait=&#8220;on||||&#8220; global_colors_info=&#8220;{}&#8220;]<\/p>\n<h3>Mit Pixelpentagon haben wir einen starken Partner f\u00fcr unsere IT Security und Architektur<\/h3>\n<p>[\/et_pb_testimonial][\/et_pb_column][et_pb_column type=&#8220;1_3&#8243; _builder_version=&#8220;4.16&#8243; custom_padding=&#8220;|||&#8220; global_colors_info=&#8220;{}&#8220; custom_padding__hover=&#8220;|||&#8220;][et_pb_testimonial author=&#8220;Christine von Herold-Wagenbrecht&#8220; job_title=&#8220;GF Assistenz&#8220; _builder_version=&#8220;4.16&#8243; background_size=&#8220;initial&#8220; background_position=&#8220;top_left&#8220; background_repeat=&#8220;repeat&#8220; border_radii_portrait=&#8220;on||||&#8220; global_colors_info=&#8220;{}&#8220;]<\/p>\n<h3>Mit Pragmatismus und Effizienz als st\u00e4ndiger Ansprechpartner \u00fcber die gesamte Entwicklungszeit<\/h3>\n<p>[\/et_pb_testimonial][\/et_pb_column][\/et_pb_row][et_pb_row _builder_version=&#8220;4.16&#8243; background_size=&#8220;initial&#8220; background_position=&#8220;top_left&#8220; background_repeat=&#8220;repeat&#8220; global_colors_info=&#8220;{}&#8220;][et_pb_column type=&#8220;4_4&#8243; _builder_version=&#8220;4.16&#8243; custom_padding=&#8220;|||&#8220; global_colors_info=&#8220;{}&#8220; custom_padding__hover=&#8220;|||&#8220;][et_pb_text _builder_version=&#8220;4.16&#8243; background_size=&#8220;initial&#8220; background_position=&#8220;top_left&#8220; background_repeat=&#8220;repeat&#8220; global_colors_info=&#8220;{}&#8220;]<\/p>\n<h3>WIE KOMPLEXE INFORMATIONEN GESTALTEN UM WISSEN ERFOLGREICH ZU NUTZEN?<\/h3>\n<p>&nbsp;<\/p>\n<p>Pixelpentagon Kommunikation &amp; Realisation entwickelt, gestaltet Informationen und Produkte rund um komplexe IT Entwicklung und Dienstleistungen. Ob es sich um Informationen f\u00fcr die webbasierte eLearning im\u00a0 Aus- und Weiterbildungsbereich, f\u00fcr\u00a0Software Individuall\u00f6sungen, f\u00fcr eine Sicherheits\u00fcberpr\u00fcfung Ihrer IT Architektur oder f\u00fcr\u00a0 Marketing und Vertrieb\u00a0handelt, entscheidet eine auf Sachinformationen fundierte technische \u2013sowie nach ISO 9001 Standards orientierte Tiefenanalyse. Vor allem in diesen Bereichen wollen wir den Transfer von Wissen so optimieren, dass es erfolgreich genutzt werden kann und damit letztlich Ihren Markterfolg verbessern. Allen Projekten gemeinsam sind drei Bestandteile:<\/p>\n<ul>\n<li>Individuell auf Ihre Belange abstimmte Beratung und eine ausgereiftes Konzeptionsma\u00df an umgesetzter Effizienz<\/li>\n<li>Interessant und motivierender Content als ma\u00dfgeblich entscheidender Erfolgsfaktor in der Wissens- und Informationsvermittlung<\/li>\n<li>Wirtschaftliche Technologien in IT, leistungsf\u00e4hige Tools und junge P\u00e4dagogik gew\u00e4hrleisten eine professionelle Umsetzung in einem optimierten und fl\u00fcssigen Erstellungsprozess.<\/li>\n<\/ul>\n<p>Damit entstehen bei Pixelpentagon Kommunikation innovative L\u00f6sungen der IT in f\u00fcnf Hauptgesch\u00e4ftsfeldern, schl\u00fcsselfertig realisiert und umgesetzt von einem interdisziplin\u00e4ren Team von Spezialisten bestehend von rationalen IT Experten bis hin zu softskillorientieren P\u00e4dagogen. So machen wir komplexes Wissen einfach und Informationen wunderbar erlebbar. In allen Medien und das seit \u00fcber 15 Jahren.<br \/>\n[\/et_pb_text][\/et_pb_column][\/et_pb_row][\/et_pb_section]<\/p>\n","protected":false},"excerpt":{"rendered":"<p>&#8230;\u00a0als Ihr guter Ruf durch Datenverlust oder Mi\u00dfbrauch Seit nun \u00fcber 6 Jahren, genauer seit 25. Mai 2018 ist bereits die neue EU-Datenschutzverordnung in Kraft. Ist Ihr Unternehmen zwischenzeitlich DS-GVO konform? &nbsp; Die DSGVO erweitert f\u00fcr Unternehmen die bereits bekannten Pflichten und erh\u00f6ht die rechtlichen, betrieblichen und technisch-organisatorischen Anforderungen an den Datenschutz. Neu sind insbesondere [&hellip;]<\/p>\n","protected":false},"author":1,"featured_media":0,"parent":0,"menu_order":0,"comment_status":"open","ping_status":"open","template":"","meta":{"_et_pb_use_builder":"on","_et_pb_old_content":"<p>\u00a0<\/p><p>\u00a0<\/p>","_et_gb_content_width":"","footnotes":""},"class_list":["post-60","page","type-page","status-publish","hentry"],"_links":{"self":[{"href":"https:\/\/www.pixelpentagon.com\/index.php?rest_route=\/wp\/v2\/pages\/60","targetHints":{"allow":["GET"]}}],"collection":[{"href":"https:\/\/www.pixelpentagon.com\/index.php?rest_route=\/wp\/v2\/pages"}],"about":[{"href":"https:\/\/www.pixelpentagon.com\/index.php?rest_route=\/wp\/v2\/types\/page"}],"author":[{"embeddable":true,"href":"https:\/\/www.pixelpentagon.com\/index.php?rest_route=\/wp\/v2\/users\/1"}],"replies":[{"embeddable":true,"href":"https:\/\/www.pixelpentagon.com\/index.php?rest_route=%2Fwp%2Fv2%2Fcomments&post=60"}],"version-history":[{"count":109,"href":"https:\/\/www.pixelpentagon.com\/index.php?rest_route=\/wp\/v2\/pages\/60\/revisions"}],"predecessor-version":[{"id":967,"href":"https:\/\/www.pixelpentagon.com\/index.php?rest_route=\/wp\/v2\/pages\/60\/revisions\/967"}],"wp:attachment":[{"href":"https:\/\/www.pixelpentagon.com\/index.php?rest_route=%2Fwp%2Fv2%2Fmedia&parent=60"}],"curies":[{"name":"wp","href":"https:\/\/api.w.org\/{rel}","templated":true}]}}