{"id":73,"date":"2014-09-01T20:00:22","date_gmt":"2014-09-01T18:00:22","guid":{"rendered":"http:\/\/www.pixelpentagon.com\/?page_id=73"},"modified":"2015-02-11T21:13:47","modified_gmt":"2015-02-11T19:13:47","slug":"cbt-computer-based-training","status":"publish","type":"page","link":"https:\/\/www.pixelpentagon.com\/?page_id=73","title":{"rendered":"eLearning"},"content":{"rendered":"<p>[et_pb_section][et_pb_row][et_pb_column type=&#8220;4_4&#8243;][et_pb_slider admin_label=&#8220;Slider&#8220; show_arrows=&#8220;on&#8220; show_pagination=&#8220;on&#8220; auto=&#8220;off&#8220; parallax=&#8220;off&#8220; parallax_method=&#8220;off&#8220;][et_pb_slide background_image=&#8220;http:\/\/www.pixelpentagon.com\/wp-content\/uploads\/2014\/09\/eLearning.jpg&#8220; background_color=&#8220;#ffffff&#8220; alignment=&#8220;center&#8220; background_layout=&#8220;dark&#8220; \/][\/et_pb_slider][\/et_pb_column][\/et_pb_row][et_pb_row][et_pb_column type=&#8220;1_3&#8243;][et_pb_image admin_label=&#8220;Image&#8220; src=&#8220;http:\/\/www.pixelpentagon.com\/wp-content\/uploads\/2014\/09\/elearnings1.jpg&#8220; show_in_lightbox=&#8220;off&#8220; url_new_window=&#8220;off&#8220; animation=&#8220;left&#8220; sticky=&#8220;off&#8220; \/][\/et_pb_column][et_pb_column type=&#8220;2_3&#8243;][et_pb_text admin_label=&#8220;Text&#8220; background_layout=&#8220;light&#8220; text_orientation=&#8220;left&#8220;]<\/p>\n<p>Pixelpentagon ist spezialisiert darin Software f\u00fcr Unternehmen zur Mitarbeiterschulung zu entwickeln.<br \/>\neLearning ist der \u00dcberbegriff f\u00fcr eine Methode, welche seit Jahren mit zweistelligen Wachstumsraten im Online Lernsektor eine der attraktivsten Branchen geworden ist. eLearning beinhaltet das leicht verstaubte CBT &#8211; Computer Based Training in Form von physischen Medien wie CD-ROM, DVD oder USB-STICK bzw. (Mini-) SD-Card als Informationstr\u00e4ger medialisiert. Die online Version vom urspr\u00fcnglichen CBT Basismedium ist das WBT &#8211; Web Based Training welche\u00a0das Internet, Intranet und\/oder sonstige digitale online Medien nutzt, um Lehrinhalte schnell und einheitlich an den Lernenden bereitzustellen. Dabei nutzen wir verschiedene Techniken, um Lehrinhalte interessant zu vermitteln und um Lehrziele effizient zu erreichen.<\/p>\n<p>[\/et_pb_text][\/et_pb_column][\/et_pb_row][et_pb_row][et_pb_column type=&#8220;1_3&#8243;][et_pb_image admin_label=&#8220;Image&#8220; show_in_lightbox=&#8220;off&#8220; url_new_window=&#8220;off&#8220; animation=&#8220;left&#8220; sticky=&#8220;off&#8220; src=&#8220;http:\/\/www.pixelpentagon.com\/wp-content\/uploads\/2014\/09\/eLearning_CBT.jpg&#8220; \/][et_pb_text admin_label=&#8220;Text&#8220; background_layout=&#8220;light&#8220; text_orientation=&#8220;left&#8220;]<\/p>\n<p>CBT &#8211; Computer Based Training<br \/>\nsind in der Definition \u00f6rtlich und zeitlich flexibel einsetzbar, sie sind wiederholbar, einheitlich und reduzieren die zeitlichen, organisatorischen und monet\u00e4ren Aufwendungen f\u00fcr reale Schulungsseminare. Diese Programme k\u00f6nnen multimediale Lerninhalte, wie z.B. Simulationen, Animationen und\/oder nur Videos beinhalten und werden grunds\u00e4tzlich \u00fcber einen physischen Datentr\u00e4ger wie CD-ROM\/DVD oder ein anderes schreibgesch\u00fctztes Medium mit speziell preparierten USB\/(Mini-)SD Datenspeichern vertrieben.<\/p>\n<p>&nbsp;<\/p>\n<p>&nbsp;<\/p>\n<p>[\/et_pb_text][\/et_pb_column][et_pb_column type=&#8220;1_3&#8243;][et_pb_image admin_label=&#8220;Image&#8220; show_in_lightbox=&#8220;off&#8220; url_new_window=&#8220;off&#8220; animation=&#8220;left&#8220; sticky=&#8220;off&#8220; src=&#8220;http:\/\/www.pixelpentagon.com\/wp-content\/uploads\/2014\/09\/eLearning_WBT.jpg&#8220; \/][et_pb_text admin_label=&#8220;Text&#8220; background_layout=&#8220;light&#8220; text_orientation=&#8220;left&#8220;]<\/p>\n<p>WBT &#8211; \u00a0Web Based Training<br \/>\nsind die Erg\u00e4nzung bzw. die Weiterentwicklung zur CBT und bieten diese Lerninhalte netzbasiert \u00fcber das Intra- oder Internet an. Die Lerninhalte sind \u00fcber einen Webserver jederzeit und \u00fcberall verf\u00fcgbar. Durch pers\u00f6nlich spezifizierte Accounts kann der Lerninhalt durch die Zeitzonen f\u00fcr jeden Lernenden dieser Welt rund um die Uhr zur Verf\u00fcgung gestellt werden. Durch den Zugriff \u00fcber das ergeben sich die vielf\u00e4ltige weiterf\u00fchrende M\u00f6glichkeiten der Kommunikation und Interaktion des Lernenden mit den Dozenten bzw. seinen Mitlernenden im &#8222;Blended Learning&#8220;, der weiterentwickelten Kombination aus klassischem Unterricht und der Zuhilfenahme von\u00a0WBTs.<\/p>\n<p>[\/et_pb_text][\/et_pb_column][et_pb_column type=&#8220;1_3&#8243;][et_pb_image admin_label=&#8220;Image&#8220; show_in_lightbox=&#8220;off&#8220; url_new_window=&#8220;off&#8220; animation=&#8220;left&#8220; sticky=&#8220;off&#8220; src=&#8220;http:\/\/www.pixelpentagon.com\/wp-content\/uploads\/2014\/09\/eLearning_LMS.jpg&#8220; \/][et_pb_text admin_label=&#8220;Text&#8220; background_layout=&#8220;light&#8220; text_orientation=&#8220;left&#8220;]<\/p>\n<p>LMS &#8211; Learning Management Systeme<\/p>\n<p>sollen helfen vielf\u00e4ltige Kursangebote oder Lehrveranstaltungen zu erfassen und die dazu notwendigen Formulare, Pl\u00e4ne und Inhalte bereitzustellen. Alle Prozesse, die f\u00fcr Lehrveranstaltungen notwendig sind k\u00f6nnen \u00fcber das LMS erfasst, geb\u00fcndelt und online zur Verf\u00fcgung gestellt werdn.<\/p>\n<p>Die Aufgabe einen LMS k\u00f6nnen im Einzelnen umfassen u.a. die Planung von Kursen und individuellen Lehrpl\u00e4ne, die Anmeldung zu Kursen mit z.B. integrierter Schnittstelle zu Zahlungssystemen, die Bereitstellung von Kursunterlagen als PDF-Dokumente oder \u00fcber interaktive Plattformen wie das WBT bis hin zur Zertifizierung: Erfassung von Kursabschl\u00fcssen und Profilerstellung und einiges mehr.<\/p>\n<p>[\/et_pb_text][\/et_pb_column][\/et_pb_row][\/et_pb_section]<\/p>\n","protected":false},"excerpt":{"rendered":"<p><div class=\"et_pb_section et_pb_section_0 et_section_regular\" >\n\t\t\t\t\n\t\t\t\t\n\t\t\t\t\n\t\t\t\t\n\t\t\t\t\n\t\t\t\t\n\t\t\t\t\n\t\t\t\t\n\t\t\t\t\n\t\t\t<\/div><div class=\"et_pb_row et_pb_row_0 et_pb_row_empty\">\n\t\t\t\t\n\t\t\t\t\n\t\t\t\t\n\t\t\t\t\n\t\t\t\t\n\t\t\t<\/div><div class=\"et_pb_row et_pb_row_1 et_pb_row_empty\">\n\t\t\t\t\n\t\t\t\t\n\t\t\t\t\n\t\t\t\t\n\t\t\t\t\n\t\t\t<\/div> Pixelpentagon ist spezialisiert darin Software f\u00fcr Unternehmen zur Mitarbeiterschulung zu entwickeln. eLearning ist der \u00dcberbegriff f\u00fcr eine Methode, welche seit Jahren mit zweistelligen Wachstumsraten im Online Lernsektor eine der attraktivsten Branchen geworden ist. eLearning beinhaltet das leicht verstaubte CBT &#8211; Computer Based Training in Form von physischen Medien wie CD-ROM, DVD oder USB-STICK bzw. [&hellip;]<\/p>\n","protected":false},"author":1,"featured_media":0,"parent":0,"menu_order":0,"comment_status":"open","ping_status":"open","template":"","meta":{"_et_pb_use_builder":"on","_et_pb_old_content":"<p>\u00a0<\/p><p>\u00a0<\/p>","_et_gb_content_width":"","footnotes":""},"class_list":["post-73","page","type-page","status-publish","hentry"],"_links":{"self":[{"href":"https:\/\/www.pixelpentagon.com\/index.php?rest_route=\/wp\/v2\/pages\/73","targetHints":{"allow":["GET"]}}],"collection":[{"href":"https:\/\/www.pixelpentagon.com\/index.php?rest_route=\/wp\/v2\/pages"}],"about":[{"href":"https:\/\/www.pixelpentagon.com\/index.php?rest_route=\/wp\/v2\/types\/page"}],"author":[{"embeddable":true,"href":"https:\/\/www.pixelpentagon.com\/index.php?rest_route=\/wp\/v2\/users\/1"}],"replies":[{"embeddable":true,"href":"https:\/\/www.pixelpentagon.com\/index.php?rest_route=%2Fwp%2Fv2%2Fcomments&post=73"}],"version-history":[{"count":21,"href":"https:\/\/www.pixelpentagon.com\/index.php?rest_route=\/wp\/v2\/pages\/73\/revisions"}],"predecessor-version":[{"id":713,"href":"https:\/\/www.pixelpentagon.com\/index.php?rest_route=\/wp\/v2\/pages\/73\/revisions\/713"}],"wp:attachment":[{"href":"https:\/\/www.pixelpentagon.com\/index.php?rest_route=%2Fwp%2Fv2%2Fmedia&parent=73"}],"curies":[{"name":"wp","href":"https:\/\/api.w.org\/{rel}","templated":true}]}}